{"id":5843,"date":"2025-01-26T21:02:41","date_gmt":"2025-01-26T21:02:41","guid":{"rendered":"https:\/\/staging.bildungstag.ch\/journee-suisse-de-leducation-2011\/"},"modified":"2025-04-22T11:35:06","modified_gmt":"2025-04-22T11:35:06","slug":"journee-suisse-de-leducation-2011","status":"publish","type":"page","link":"https:\/\/bildungstag.ch\/fr\/journee-suisse-de-leducation-2011\/","title":{"rendered":"Journ\u00e9e Suisse de l&rsquo;Education 2011"},"content":{"rendered":"<p><div class=\"fusion-fullwidth fullwidth-box fusion-builder-row-1 fusion-flex-container nonhundred-percent-fullwidth non-hundred-percent-height-scrolling fusion-animated\" style=\"--awb-border-radius-top-left:0px;--awb-border-radius-top-right:0px;--awb-border-radius-bottom-right:0px;--awb-border-radius-bottom-left:0px;--awb-margin-bottom:120px;--awb-margin-bottom-medium:80px;--awb-margin-bottom-small:60px;--awb-flex-wrap:wrap;\" data-animationType=\"fadeInUp\" data-animationDuration=\"1.3\" data-animationOffset=\"top-into-view\" ><div class=\"fusion-builder-row fusion-row fusion-flex-align-items-center fusion-flex-content-wrap\" style=\"max-width:1216.8px;margin-left: calc(-4% \/ 2 );margin-right: calc(-4% \/ 2 );\"><div class=\"fusion-layout-column fusion_builder_column fusion-builder-column-0 fusion-flex-column\" style=\"--awb-bg-blend:overlay;--awb-bg-size:cover;--awb-width-large:40%;--awb-margin-top-large:0px;--awb-spacing-right-large:3.84%;--awb-margin-bottom-large:0px;--awb-spacing-left-large:4.8%;--awb-width-medium:40%;--awb-spacing-right-medium:3.84%;--awb-spacing-left-medium:4.8%;--awb-width-small:100%;--awb-spacing-right-small:1.92%;--awb-margin-bottom-small:15px;--awb-spacing-left-small:1.92%;\"><div class=\"fusion-column-wrapper fusion-flex-justify-content-flex-start fusion-content-layout-column\"><div class=\"fusion-text fusion-text-1\" style=\"--awb-font-size:var(--awb-typography2-font-size);--awb-line-height:var(--awb-typography2-line-height);--awb-letter-spacing:var(--awb-typography2-letter-spacing);--awb-text-transform:var(--awb-typography2-text-transform);--awb-text-color:var(--awb-color4);--awb-text-font-family:var(--awb-typography2-font-family);--awb-text-font-weight:var(--awb-typography2-font-weight);--awb-text-font-style:var(--awb-typography2-font-style);\"><p style=\"letter-spacing: 3px;\">Journ\u00e9e Suisse de l&rsquo;Education 2011<\/p>\n<\/div><div class=\"fusion-title title fusion-title-1 fusion-title-text fusion-title-size-two\" style=\"--awb-margin-bottom:0px;--awb-font-size:37px;\"><div class=\"title-sep-container title-sep-container-left fusion-no-large-visibility fusion-no-medium-visibility fusion-no-small-visibility\"><div class=\"title-sep sep- sep-solid\" style=\"border-color:var(--awb-color3);\"><\/div><\/div><span class=\"awb-title-spacer fusion-no-large-visibility fusion-no-medium-visibility fusion-no-small-visibility\"><\/span><h2 class=\"fusion-title-heading title-heading-left fusion-responsive-typography-calculated\" style=\"margin:0;font-size:1em;text-transform:none;--fontSize:37;line-height:1.35;\">1\u00e8re Journ\u00e9e suisse de l&rsquo;Education<\/h2><span class=\"awb-title-spacer\"><\/span><div class=\"title-sep-container title-sep-container-right\"><div class=\"title-sep sep- sep-solid\" style=\"border-color:var(--awb-color3);\"><\/div><\/div><\/div><\/div><\/div><div class=\"fusion-layout-column fusion_builder_column fusion-builder-column-1 fusion-flex-column\" style=\"--awb-bg-blend:overlay;--awb-bg-size:cover;--awb-width-large:60%;--awb-margin-top-large:0px;--awb-spacing-right-large:3.2%;--awb-margin-bottom-large:0px;--awb-spacing-left-large:6.4%;--awb-width-medium:60%;--awb-spacing-right-medium:3.2%;--awb-spacing-left-medium:6.4%;--awb-width-small:100%;--awb-spacing-right-small:1.92%;--awb-spacing-left-small:1.92%;\"><div class=\"fusion-column-wrapper fusion-flex-justify-content-flex-start fusion-content-layout-column\"><div class=\"fusion-text fusion-text-2 fusion-text-no-margin\" style=\"--awb-font-size:17px;--awb-text-color:var(--awb-color7);\"><p>La Journ\u00e9e Suisse de l\u2019Education a lieu tous les deux ans. Cette Journ\u00e9e est le principal \u00e9v\u00e9nement de politique de l\u2019\u00e9ducation \u00e0 l\u2019\u00e9chelle nationale. Elle r\u00e9unit des d\u00e9cideurs issus de la politique de l\u2019\u00e9ducation, de l\u2019\u00e9conomie, de la soci\u00e9t\u00e9 et des associations et syndicats d\u2019enseignants.<\/p>\n<p>La Journ\u00e9e est organis\u00e9e par le Syndicat des Enseignant\u00b7es Romand\u00b7es SER, en coop\u00e9ration avec le \u00abDachverband Lehrerinnen und Lehrer Schweiz LCH\u00bb.<\/p>\n<\/div><\/div><\/div><\/div><\/div><div class=\"fusion-fullwidth fullwidth-box fusion-builder-row-2 fusion-flex-container hundred-percent-fullwidth non-hundred-percent-height-scrolling fusion-animated\" style=\"--awb-background-position:left top;--awb-border-sizes-top:0px;--awb-border-sizes-bottom:0px;--awb-border-sizes-left:0px;--awb-border-sizes-right:0px;--awb-border-radius-top-left:0px;--awb-border-radius-top-right:0px;--awb-border-radius-bottom-right:0px;--awb-border-radius-bottom-left:0px;--awb-background-color:var(--awb-custom_color_1);--awb-flex-wrap:wrap;\" data-animationType=\"fadeIn\" data-animationDuration=\"1.3\" data-animationOffset=\"top-into-view\" ><div class=\"fusion-builder-row fusion-row fusion-flex-align-items-center fusion-flex-content-wrap\" style=\"width:calc( 100% + 0px ) !important;max-width:calc( 100% + 0px ) !important;margin-left: calc(-0px \/ 2 );margin-right: calc(-0px \/ 2 );\"><div class=\"fusion-layout-column fusion_builder_column fusion-builder-column-2 fusion_builder_column_2_3 2_3 fusion-flex-column\" style=\"--awb-padding-top:10vw;--awb-padding-right:10vw;--awb-padding-bottom:10vw;--awb-padding-left:10vw;--awb-bg-color:hsla(var(--awb-color3-h),var(--awb-color3-s),var(--awb-color3-l),calc(var(--awb-color3-a) - 94%));--awb-bg-color-hover:hsla(var(--awb-color3-h),var(--awb-color3-s),var(--awb-color3-l),calc(var(--awb-color3-a) - 94%));--awb-bg-blend:overlay;--awb-bg-size:cover;--awb-width-large:66.666666666667%;--awb-margin-top-large:0px;--awb-spacing-right-large:0px;--awb-margin-bottom-large:0px;--awb-spacing-left-large:0px;--awb-width-medium:50%;--awb-spacing-right-medium:0px;--awb-spacing-left-medium:0px;--awb-width-small:100%;--awb-spacing-right-small:0px;--awb-spacing-left-small:0px;\"><div class=\"fusion-column-wrapper fusion-flex-justify-content-center fusion-content-layout-column\"><div class=\"fusion-text fusion-text-3 fusion-text-no-margin\" style=\"--awb-font-size:var(--awb-typography2-font-size);--awb-line-height:var(--awb-typography2-line-height);--awb-letter-spacing:var(--awb-typography2-letter-spacing);--awb-text-transform:var(--awb-typography2-text-transform);--awb-text-color:var(--awb-color4);--awb-margin-bottom:25px;--awb-text-font-family:var(--awb-typography2-font-family);--awb-text-font-weight:var(--awb-typography2-font-weight);--awb-text-font-style:var(--awb-typography2-font-style);\"><p style=\"letter-spacing: 3px;\">R\u00e9trospective<\/p>\n<\/div><div class=\"fusion-title title fusion-title-2 fusion-title-text fusion-title-size-two\"><div class=\"title-sep-container title-sep-container-left fusion-no-large-visibility fusion-no-medium-visibility fusion-no-small-visibility\"><div class=\"title-sep sep- sep-solid\" style=\"border-color:var(--awb-color3);\"><\/div><\/div><span class=\"awb-title-spacer fusion-no-large-visibility fusion-no-medium-visibility fusion-no-small-visibility\"><\/span><h2 class=\"fusion-title-heading title-heading-left fusion-responsive-typography-calculated\" style=\"margin:0;text-transform:none;--fontSize:42;line-height:var(--awb-typography1-line-height);\">Vers un dialogue contraignant<\/h2><span class=\"awb-title-spacer\"><\/span><div class=\"title-sep-container title-sep-container-right\"><div class=\"title-sep sep- sep-solid\" style=\"border-color:var(--awb-color3);\"><\/div><\/div><\/div><div class=\"fusion-text fusion-text-4 fusion-text-no-margin\"><p><strong>Le 2 septembre s\u2019est d\u00e9roul\u00e9e \u00e0 Berne la 1re Journ\u00e9e suisse de l\u2019\u00e9ducation. En initiant cet \u00e9v\u00e9nement d\u2019importance nationale, le SER et LCH ont fait le pari que l\u2019expertise professionnelle peut nourrir le d\u00e9bat politique.   <\/strong><\/p>\n<p>A sept semaines des \u00e9lections f\u00e9d\u00e9rales, il \u00e9tait bon que les acteurs politiques et les associations d\u2019enseignants se parlent et favorisent les bonnes prises de d\u00e9cisions et l\u2019indispensable climat de confiance qui doit r\u00e9gner entre la population et son institution scolaire.  <\/p>\n<p>Parmi les 170 participants aux tables rondes et aux discussions de groupe organis\u00e9es \u00e0 l&rsquo;H\u00f4tel Bellevue Palace &#8211; juste \u00e0 c\u00f4t\u00e9 du Palais f\u00e9d\u00e9ral &#8211; se trouvaient les t\u00eates les plus profil\u00e9es en mati\u00e8re de politique de l&rsquo;\u00e9ducation des partis repr\u00e9sent\u00e9s au Parlement f\u00e9d\u00e9ral, parmi lesquels la conseill\u00e8re nationale Kathy Riklin (PDC), le conseiller national Ulrich Schl\u00fcer (UDC), la conseill\u00e8re nationale Katharina Prelicz-Huber (PES), le conseiller national Christian Wasserfallen (PRD) ou la directrice de l&rsquo;\u00e9ducation zurichoise Regine Aeppli (PS). Les dirigeants de la Conf\u00e9rence des directeurs de l&rsquo;instruction publique (CDIP), les \u00e9quipes dirigeantes des associations d&rsquo;enseignantes et d&rsquo;enseignants SER et LCH ainsi que les repr\u00e9sentants des sections cantonales, des associations sp\u00e9cialis\u00e9es et des associations de niveau \u00e9taient \u00e9galement pr\u00e9sents. La mod\u00e9ration de la journ\u00e9e \u00e9tait assur\u00e9e par Iwan Rickenbacher, un connaisseur averti de la politique et ancien enseignant. \u00ab L&rsquo;\u00e9cole a besoin de publicit\u00e9 et du soutien de la politique \u00bb, a d\u00e9clar\u00e9 Beat W. Zemp, pr\u00e9sident central de LCH, dans son discours d&rsquo;ouverture. Avec la premi\u00e8re Journ\u00e9e suisse de l&rsquo;\u00e9ducation, on veut contribuer \u00e0 am\u00e9liorer la compr\u00e9hension mutuelle entre le corps enseignant organis\u00e9 et la politique de l&rsquo;\u00e9ducation &#8211; que ce soit dans l&rsquo;administration, les parlements, les partis, l&rsquo;\u00e9conomie ou la formation des enseignants.<br \/>\nL&rsquo;int\u00e9r\u00eat accru des partis et des m\u00e9dias pour l&rsquo;\u00e9cole et le syst\u00e8me \u00e9ducatif est r\u00e9jouissant, mais il a aussi son revers : \u00ab Le prix de la prise d&rsquo;influence politique sur l&rsquo;\u00e9cole publique n&rsquo;est pas seulement une querelle id\u00e9ologique entre groupes de pression et une dispute d&rsquo;experts. L&rsquo;\u00e9cole est aussi de plus en plus utilis\u00e9e comme un vecteur de politique partisane pour gagner de nouvelles voix \u00bb.    <\/p>\n<h4>Halte \u00e0 la \u00ab mission impossible \u00bb<\/h4>\n<p>Pour tester l&rsquo;attitude des politiciens et des partis vis-\u00e0-vis de l&rsquo;\u00e9ducation, le LCH et le SER avaient d\u00e9velopp\u00e9 ensemble sept th\u00e8ses qui r\u00e9sument les positions centrales des associations professionnelles. La premi\u00e8re d&rsquo;entre elles est la suivante : \u00ab Fin de la \u201cmission impossible\u201d \u00bb. Au lieu d&rsquo;une charge non coordonn\u00e9e de t\u00e2ches et d&rsquo;objectifs d&rsquo;apprentissage sans cesse renouvel\u00e9s, il faut une mission contraignante. \u00ab Nous, les enseignants, avons besoin d&rsquo;un programme de base clair et efficace, valable dans toute la Suisse. Et nous devons alors \u00eatre prot\u00e9g\u00e9s contre l&rsquo;ing\u00e9rence directe et constante de la politique et d&rsquo;autres groupes d&rsquo;int\u00e9r\u00eat dans notre mission \u00e9ducative \u00bb, explique Franziska Peterhans, secr\u00e9taire centrale de LCH, lors de la Journ\u00e9e de la formation : \u00abCe qui doit \u00eatre enseign\u00e9 et appris dans les \u00e9coles doit faire partie d&rsquo;un processus d\u00e9mocratique de n\u00e9gociation du plan d&rsquo;\u00e9tudes, comme c&rsquo;est actuellement le cas en Suisse al\u00e9manique avec le Lehrplan 21\u00bb.  <\/p>\n<h4>\u00ab Une identit\u00e9 commune \u00bb <br \/><\/h4>\n<p>Les deux grandes organisations professionnelles de l&rsquo;\u00e9ducation en Suisse, LCH et SER, qui r\u00e9unissent au total plus de 60&rsquo;000 enseignants, n&rsquo;ont cess\u00e9 de d\u00e9velopper leurs contacts au cours des derni\u00e8res ann\u00e9es. L&rsquo;organisation de la premi\u00e8re Journ\u00e9e suisse de l&rsquo;\u00e9ducation et l&rsquo;\u00e9laboration de th\u00e8ses communes ont marqu\u00e9 une nouvelle \u00e9tape dans la collaboration. Cela signifie-t-il que &#8211; sous le signe d&rsquo;HarmoS &#8211; les cultures scolaires traditionnellement tr\u00e8s diff\u00e9rentes de la Suisse al\u00e9manique et de la Suisse romande se rapprochent \u00e9galement ? Le pr\u00e9sident du SER, Georges Pasquier, r\u00e9pond : \u00ab Ces diff\u00e9rences, parfois importantes, persistent. Un point important d&rsquo;HarmoS est de reconna\u00eetre qu&rsquo;il existe des r\u00e9gions linguistiques en Suisse et que la coordination des plans d&rsquo;\u00e9tudes et des moyens d&rsquo;enseignement doit se faire \u00e0 ce niveau. Nous ne devons pas penser la m\u00eame chose, mais nous avons, en tant qu&rsquo;enseignants, une identit\u00e9 commune \u00e0 d\u00e9fendre \u00bb.   <\/p>\n<h4>Le d\u00e9but d&rsquo;une tradition ?<\/h4>\n<p>L&rsquo;invitation du LCH et du SER avait \u00e9t\u00e9 adress\u00e9e \u00e0 200 personnes responsables de l&rsquo;\u00e9cole et de la formation en Suisse \u00e0 des postes d\u00e9cisifs. 170 d&rsquo;entre elles sont venues au Bellevue Palace le 2 septembre. Cet int\u00e9r\u00eat peut d\u00e9j\u00e0 \u00eatre consid\u00e9r\u00e9 comme un grand succ\u00e8s et montre que l&rsquo;id\u00e9e de la Journ\u00e9e de la formation a fait son chemin. Les participants ont unanimement salu\u00e9 l&rsquo;initiative des associations professionnelles. L&rsquo;organisation impeccable de la journ\u00e9e, pour laquelle les associations ont \u00e9t\u00e9 soutenues par les entreprises bernoises LerNetz et ProjektForum AG, a \u00e9galement \u00e9t\u00e9 unanimement reconnue. Beaucoup ont encourag\u00e9 les repr\u00e9sentants du SER et de LCH \u00e0 faire de cette manifestation une tradition.<br \/>\nPar contre, les organisateurs sont encore loin de leur vision d&rsquo;une \u00ab culture des Etats g\u00e9n\u00e9raux du discours sur la formation en Suisse \u00bb. Les partis et les politiciens ont profit\u00e9 de la journ\u00e9e de la formation pour mettre sur la table leurs positions et leurs mots d&rsquo;ordre pr\u00e9con\u00e7us. Un climat dans lequel les conflits peuvent \u00eatre r\u00e9gl\u00e9s et les points de vue rapproch\u00e9s &#8211; cela reste encore \u00e0 \u00e9laborer ou doit peut-\u00eatre m\u00eame rester un v\u0153u pieux \u00e0 proximit\u00e9 imm\u00e9diate du Palais f\u00e9d\u00e9ral. Se serrer la main ne signifie pas encore la tendre.        <\/p>\n<\/div><\/div><\/div><div class=\"fusion-layout-column fusion_builder_column fusion-builder-column-3 fusion_builder_column_1_3 1_3 fusion-flex-column fusion-flex-align-self-stretch\" style=\"--awb-padding-top:10vw;--awb-padding-right:5vw;--awb-padding-bottom:10vw;--awb-padding-left:5vw;--awb-bg-color:#fff5e0;--awb-bg-color-hover:#fff5e0;--awb-bg-position:center center;--awb-bg-size:cover;--awb-width-large:33.333333333333%;--awb-margin-top-large:0px;--awb-spacing-right-large:0px;--awb-margin-bottom-large:0px;--awb-spacing-left-large:0px;--awb-width-medium:50%;--awb-order-medium:0;--awb-spacing-right-medium:0px;--awb-spacing-left-medium:0px;--awb-width-small:100%;--awb-order-small:0;--awb-spacing-right-small:0px;--awb-spacing-left-small:0px;\" data-scroll-devices=\"small-visibility,medium-visibility,large-visibility\"><div class=\"fusion-column-wrapper fusion-column-has-shadow fusion-flex-justify-content-flex-start fusion-content-layout-column\"><div class=\"fusion-text fusion-text-5 fusion-text-no-margin\" style=\"--awb-font-size:var(--awb-typography2-font-size);--awb-line-height:var(--awb-typography2-line-height);--awb-letter-spacing:var(--awb-typography2-letter-spacing);--awb-text-transform:var(--awb-typography2-text-transform);--awb-text-color:var(--awb-color4);--awb-margin-bottom:25px;--awb-text-font-family:var(--awb-typography2-font-family);--awb-text-font-weight:var(--awb-typography2-font-weight);--awb-text-font-style:var(--awb-typography2-font-style);\"><p style=\"letter-spacing: 3px;\">ORGANISATION<\/p>\n<\/div><div class=\"fusion-image-element \" style=\"--awb-margin-top:2vw;--awb-margin-right:2vw;--awb-margin-bottom:2vw;--awb-margin-left:2vw;--awb-caption-title-font-family:var(--h2_typography-font-family);--awb-caption-title-font-weight:var(--h2_typography-font-weight);--awb-caption-title-font-style:var(--h2_typography-font-style);--awb-caption-title-size:var(--h2_typography-font-size);--awb-caption-title-transform:var(--h2_typography-text-transform);--awb-caption-title-line-height:var(--h2_typography-line-height);--awb-caption-title-letter-spacing:var(--h2_typography-letter-spacing);\"><span class=\" fusion-imageframe imageframe-none imageframe-1 hover-type-none\"><a class=\"fusion-no-lightbox\" href=\"https:\/\/www.lch.ch\/\" target=\"_blank\" aria-label=\"Bildungstag-LOGO-LCH\" rel=\"noopener noreferrer\"><img decoding=\"async\" width=\"827\" height=\"317\" alt=\"Dachverband Lehrerinnen und Lehrer Schweiz LCH\" src=\"https:\/\/bildungstag.ch\/wp-content\/uploads\/2025\/01\/Bildungstag-LOGO-LCH.png\" data-orig-src=\"https:\/\/bildungstag.ch\/wp-content\/uploads\/2025\/01\/Bildungstag-LOGO-LCH.png\" class=\"lazyload img-responsive wp-image-5493\" srcset=\"data:image\/svg+xml,%3Csvg%20xmlns%3D%27http%3A%2F%2Fwww.w3.org%2F2000%2Fsvg%27%20width%3D%27827%27%20height%3D%27317%27%20viewBox%3D%270%200%20827%20317%27%3E%3Crect%20width%3D%27827%27%20height%3D%27317%27%20fill-opacity%3D%220%22%2F%3E%3C%2Fsvg%3E\" data-srcset=\"https:\/\/bildungstag.ch\/wp-content\/uploads\/2025\/01\/Bildungstag-LOGO-LCH-200x77.png 200w, https:\/\/bildungstag.ch\/wp-content\/uploads\/2025\/01\/Bildungstag-LOGO-LCH-400x153.png 400w, https:\/\/bildungstag.ch\/wp-content\/uploads\/2025\/01\/Bildungstag-LOGO-LCH-600x230.png 600w, https:\/\/bildungstag.ch\/wp-content\/uploads\/2025\/01\/Bildungstag-LOGO-LCH-800x307.png 800w, https:\/\/bildungstag.ch\/wp-content\/uploads\/2025\/01\/Bildungstag-LOGO-LCH.png 827w\" data-sizes=\"auto\" data-orig-sizes=\"(max-width: 1024px) 100vw, (max-width: 640px) 100vw, 400px\" \/><\/a><\/span><\/div><div class=\"fusion-image-element \" style=\"--awb-margin-top:2vw;--awb-margin-right:2vw;--awb-margin-bottom:2vw;--awb-margin-left:2vw;--awb-caption-title-font-family:var(--h2_typography-font-family);--awb-caption-title-font-weight:var(--h2_typography-font-weight);--awb-caption-title-font-style:var(--h2_typography-font-style);--awb-caption-title-size:var(--h2_typography-font-size);--awb-caption-title-transform:var(--h2_typography-text-transform);--awb-caption-title-line-height:var(--h2_typography-line-height);--awb-caption-title-letter-spacing:var(--h2_typography-letter-spacing);\"><span class=\" fusion-imageframe imageframe-none imageframe-2 hover-type-none\"><a class=\"fusion-no-lightbox\" href=\"https:\/\/le-ser.ch\/\" target=\"_blank\" aria-label=\"Bildungstag-LOGO-SER\" rel=\"noopener noreferrer\"><img decoding=\"async\" width=\"800\" height=\"309\" alt=\"Syndicat des Enseignant\u00b7es Romand\u00b7es SER\" src=\"https:\/\/bildungstag.ch\/wp-content\/uploads\/2025\/01\/Bildungstag-LOGO-SER.png\" data-orig-src=\"https:\/\/bildungstag.ch\/wp-content\/uploads\/2025\/01\/Bildungstag-LOGO-SER.png\" class=\"lazyload img-responsive wp-image-5494\" srcset=\"data:image\/svg+xml,%3Csvg%20xmlns%3D%27http%3A%2F%2Fwww.w3.org%2F2000%2Fsvg%27%20width%3D%27800%27%20height%3D%27309%27%20viewBox%3D%270%200%20800%20309%27%3E%3Crect%20width%3D%27800%27%20height%3D%27309%27%20fill-opacity%3D%220%22%2F%3E%3C%2Fsvg%3E\" data-srcset=\"https:\/\/bildungstag.ch\/wp-content\/uploads\/2025\/01\/Bildungstag-LOGO-SER-200x77.png 200w, https:\/\/bildungstag.ch\/wp-content\/uploads\/2025\/01\/Bildungstag-LOGO-SER-400x155.png 400w, https:\/\/bildungstag.ch\/wp-content\/uploads\/2025\/01\/Bildungstag-LOGO-SER-600x232.png 600w, https:\/\/bildungstag.ch\/wp-content\/uploads\/2025\/01\/Bildungstag-LOGO-SER.png 800w\" data-sizes=\"auto\" data-orig-sizes=\"(max-width: 1024px) 100vw, (max-width: 640px) 100vw, 400px\" \/><\/a><\/span><\/div><div class=\"fusion-separator fusion-full-width-sep\" style=\"align-self: center;margin-left: auto;margin-right: auto;margin-top:20px;margin-bottom:20px;width:100%;\"><div class=\"fusion-separator-border sep-single sep-solid\" style=\"--awb-height:20px;--awb-amount:20px;border-color:var(--awb-color2);border-top-width:1px;\"><\/div><\/div><div class=\"fusion-text fusion-text-6\"><h4>Documentation<\/h4>\n<p><strong><a href=\"https:\/\/bildungstag.ch\/downloads\/2011\/Programme-Journee-Education.pdf\" target=\"_blank\" rel=\"noopener\">Programme<\/a><\/strong><\/p>\n<p><strong><a href=\"https:\/\/bildungstag.ch\/downloads\/2011\/Theses-journee_education.pdf\" target=\"_blank\" rel=\"noopener\">Th\u00e8ses<\/a><\/strong><\/p>\n<h4>Media<br \/><\/h4>\n<p><strong><a href=\"https:\/\/bildungstag.ch\/downloads\/2011\/110902-communiquedepresse-journee-suisse.pdf\" target=\"_blank\" rel=\"noopener\">Communiqu\u00e9 de presse SER et LCH<\/a><\/strong><br \/>\n\u00abLes associations d&rsquo;enseignants et les acteurs politiques se parlent\u00bb<\/p>\n<p><strong><a href=\"https:\/\/bildungstag.ch\/downloads\/2011\/110902-communiquedepresse-journee-suisse.pdf\" target=\"_blank\" rel=\"noopener\">Revue de la Journ\u00e9e de l&rsquo;Education dans \u00abl&rsquo;Educateur\u00bb<\/a><\/strong><br \/>\n\u00abJourn\u00e9e suisse de l\u2019\u00e9ducation 2011\u00bb<\/p>\n<\/div><\/div><\/div><\/div><\/div><div class=\"fusion-fullwidth fullwidth-box fusion-builder-row-3 fusion-flex-container has-pattern-background has-mask-background nonhundred-percent-fullwidth non-hundred-percent-height-scrolling\" style=\"--awb-border-radius-top-left:0px;--awb-border-radius-top-right:0px;--awb-border-radius-bottom-right:0px;--awb-border-radius-bottom-left:0px;--awb-padding-top:20px;--awb-padding-bottom:20px;--awb-margin-top:0px;--awb-background-color:var(--awb-color7);--awb-flex-wrap:wrap;\" ><div class=\"fusion-builder-row fusion-row fusion-flex-align-items-flex-start fusion-flex-content-wrap\" style=\"max-width:1216.8px;margin-left: calc(-4% \/ 2 );margin-right: calc(-4% \/ 2 );\"><div class=\"fusion-layout-column fusion_builder_column fusion-builder-column-4 fusion_builder_column_1_1 1_1 fusion-flex-column\" style=\"--awb-bg-size:cover;--awb-width-large:100%;--awb-margin-top-large:0px;--awb-spacing-right-large:1.92%;--awb-margin-bottom-large:20px;--awb-spacing-left-large:1.92%;--awb-width-medium:100%;--awb-order-medium:0;--awb-spacing-right-medium:1.92%;--awb-spacing-left-medium:1.92%;--awb-width-small:100%;--awb-order-small:0;--awb-spacing-right-small:1.92%;--awb-spacing-left-small:1.92%;\"><div class=\"fusion-column-wrapper fusion-column-has-shadow fusion-flex-justify-content-flex-start fusion-content-layout-column\"><div class=\"fusion-image-element \" style=\"text-align:center;--awb-caption-title-font-family:var(--h2_typography-font-family);--awb-caption-title-font-weight:var(--h2_typography-font-weight);--awb-caption-title-font-style:var(--h2_typography-font-style);--awb-caption-title-size:var(--h2_typography-font-size);--awb-caption-title-transform:var(--h2_typography-text-transform);--awb-caption-title-line-height:var(--h2_typography-line-height);--awb-caption-title-letter-spacing:var(--h2_typography-letter-spacing);\"><span class=\" fusion-imageframe imageframe-none imageframe-3 hover-type-zoomin\" style=\"border-radius:2px;\"><img decoding=\"async\" width=\"400\" height=\"1200\" title=\"Collage-images-Bildungstag_2011\" src=\"https:\/\/bildungstag.ch\/wp-content\/uploads\/2025\/01\/Collage-images-Bildungstag_2011.jpg\" data-orig-src=\"https:\/\/bildungstag.ch\/wp-content\/uploads\/2025\/01\/Collage-images-Bildungstag_2011.jpg\" alt class=\"lazyload img-responsive wp-image-5738\" srcset=\"data:image\/svg+xml,%3Csvg%20xmlns%3D%27http%3A%2F%2Fwww.w3.org%2F2000%2Fsvg%27%20width%3D%27400%27%20height%3D%271200%27%20viewBox%3D%270%200%20400%201200%27%3E%3Crect%20width%3D%27400%27%20height%3D%271200%27%20fill-opacity%3D%220%22%2F%3E%3C%2Fsvg%3E\" data-srcset=\"https:\/\/bildungstag.ch\/wp-content\/uploads\/2025\/01\/Collage-images-Bildungstag_2011-200x600.jpg 200w, https:\/\/bildungstag.ch\/wp-content\/uploads\/2025\/01\/Collage-images-Bildungstag_2011.jpg 400w\" data-sizes=\"auto\" data-orig-sizes=\"(max-width: 1024px) 100vw, (max-width: 640px) 100vw, 400px\" \/><\/span><\/div><\/div><\/div><\/div><\/div><\/p>\n","protected":false},"excerpt":{"rendered":"","protected":false},"author":1,"featured_media":5810,"parent":0,"menu_order":0,"comment_status":"closed","ping_status":"closed","template":"100-width.php","meta":{"_acf_changed":false,"footnotes":""},"class_list":["post-5843","page","type-page","status-publish","has-post-thumbnail","hentry"],"acf":[],"_links":{"self":[{"href":"https:\/\/bildungstag.ch\/fr\/wp-json\/wp\/v2\/pages\/5843","targetHints":{"allow":["GET"]}}],"collection":[{"href":"https:\/\/bildungstag.ch\/fr\/wp-json\/wp\/v2\/pages"}],"about":[{"href":"https:\/\/bildungstag.ch\/fr\/wp-json\/wp\/v2\/types\/page"}],"author":[{"embeddable":true,"href":"https:\/\/bildungstag.ch\/fr\/wp-json\/wp\/v2\/users\/1"}],"replies":[{"embeddable":true,"href":"https:\/\/bildungstag.ch\/fr\/wp-json\/wp\/v2\/comments?post=5843"}],"version-history":[{"count":36,"href":"https:\/\/bildungstag.ch\/fr\/wp-json\/wp\/v2\/pages\/5843\/revisions"}],"predecessor-version":[{"id":6603,"href":"https:\/\/bildungstag.ch\/fr\/wp-json\/wp\/v2\/pages\/5843\/revisions\/6603"}],"wp:featuredmedia":[{"embeddable":true,"href":"https:\/\/bildungstag.ch\/fr\/wp-json\/wp\/v2\/media\/5810"}],"wp:attachment":[{"href":"https:\/\/bildungstag.ch\/fr\/wp-json\/wp\/v2\/media?parent=5843"}],"curies":[{"name":"wp","href":"https:\/\/api.w.org\/{rel}","templated":true}]}}