{"id":6469,"date":"2025-04-10T07:38:15","date_gmt":"2025-04-10T07:38:15","guid":{"rendered":"https:\/\/bildungstag.ch\/test-form\/"},"modified":"2025-08-26T08:17:37","modified_gmt":"2025-08-26T08:17:37","slug":"inscription","status":"publish","type":"page","link":"https:\/\/bildungstag.ch\/fr\/inscription\/","title":{"rendered":"Inscription <br>"},"content":{"rendered":"<p><div class=\"fusion-fullwidth fullwidth-box fusion-builder-row-1 fusion-flex-container has-pattern-background has-mask-background nonhundred-percent-fullwidth non-hundred-percent-height-scrolling\" style=\"--awb-border-radius-top-left:0px;--awb-border-radius-top-right:0px;--awb-border-radius-bottom-right:0px;--awb-border-radius-bottom-left:0px;--awb-flex-wrap:wrap;\" ><div class=\"fusion-builder-row fusion-row fusion-flex-align-items-flex-start fusion-flex-content-wrap\" style=\"max-width:1216.8px;margin-left: calc(-4% \/ 2 );margin-right: calc(-4% \/ 2 );\"><div class=\"fusion-layout-column fusion_builder_column fusion-builder-column-0 fusion_builder_column_2_3 2_3 fusion-flex-column\" style=\"--awb-bg-size:cover;--awb-width-large:66.666666666667%;--awb-margin-top-large:0px;--awb-spacing-right-large:2.88%;--awb-margin-bottom-large:20px;--awb-spacing-left-large:2.88%;--awb-width-medium:100%;--awb-order-medium:0;--awb-spacing-right-medium:1.92%;--awb-spacing-left-medium:1.92%;--awb-width-small:100%;--awb-order-small:0;--awb-spacing-right-small:1.92%;--awb-spacing-left-small:1.92%;\"><div class=\"fusion-column-wrapper fusion-column-has-shadow fusion-flex-justify-content-flex-start fusion-content-layout-column\"><div class=\"fusion-title title fusion-title-1 fusion-title-text fusion-title-size-one\"><div class=\"title-sep-container title-sep-container-left fusion-no-large-visibility fusion-no-medium-visibility fusion-no-small-visibility\"><div class=\"title-sep sep- sep-solid\" style=\"border-color:var(--awb-color3);\"><\/div><\/div><span class=\"awb-title-spacer fusion-no-large-visibility fusion-no-medium-visibility fusion-no-small-visibility\"><\/span><h1 class=\"fusion-title-heading title-heading-left fusion-responsive-typography-calculated\" style=\"margin:0;text-transform:capitalize;--fontSize:60;line-height:var(--awb-typography1-line-height);\">Inscription <\/h1><span class=\"awb-title-spacer\"><\/span><div class=\"title-sep-container title-sep-container-right\"><div class=\"title-sep sep- sep-solid\" style=\"border-color:var(--awb-color3);\"><\/div><\/div><\/div><div class=\"fusion-text fusion-text-1\"><p>La Journ\u00e9e Suisse de l\u2019Education 2025 est compl\u00e8te. Les demandes personnelles d&rsquo;inscription tardive peuvent nous \u00eatre adress\u00e9es par e-mail.<\/p>\n<\/div><div ><a class=\"fusion-button button-flat fusion-button-default-size button-default fusion-button-default button-1 fusion-button-default-span fusion-button-default-type\" target=\"_self\" href=\"mailto:info@bildungstag.ch\"><span class=\"fusion-button-text\">Demande<\/span><\/a><\/div><\/div><\/div><div class=\"fusion-layout-column fusion_builder_column fusion-builder-column-1 fusion_builder_column_1_3 1_3 fusion-flex-column fusion-flex-align-self-stretch\" style=\"--awb-padding-top:10vw;--awb-padding-right:5vw;--awb-padding-bottom:10vw;--awb-padding-left:5vw;--awb-bg-color:var(--awb-color1);--awb-bg-color-hover:var(--awb-color1);--awb-bg-position:center center;--awb-bg-size:cover;--awb-width-large:33.333333333333%;--awb-margin-top-large:0px;--awb-spacing-right-large:5.76%;--awb-margin-bottom-large:0px;--awb-spacing-left-large:0px;--awb-width-medium:50%;--awb-order-medium:0;--awb-spacing-right-medium:3.84%;--awb-spacing-left-medium:0px;--awb-width-small:100%;--awb-order-small:0;--awb-spacing-right-small:1.92%;--awb-spacing-left-small:1.92%;\" data-scroll-devices=\"small-visibility,medium-visibility,large-visibility\"><div class=\"fusion-column-wrapper fusion-column-has-shadow fusion-flex-justify-content-flex-start fusion-content-layout-column\"><div class=\"fusion-text fusion-text-2 fusion-text-no-margin\" style=\"--awb-font-size:var(--awb-typography2-font-size);--awb-line-height:var(--awb-typography2-line-height);--awb-letter-spacing:var(--awb-typography2-letter-spacing);--awb-text-transform:var(--awb-typography2-text-transform);--awb-text-color:var(--awb-color4);--awb-margin-bottom:25px;--awb-text-font-family:var(--awb-typography2-font-family);--awb-text-font-weight:var(--awb-typography2-font-weight);--awb-text-font-style:var(--awb-typography2-font-style);\"><p style=\"letter-spacing: 3px;\">ORGANISATION<\/p>\n<\/div><div class=\"fusion-image-element \" style=\"--awb-margin-top:2vw;--awb-margin-right:2vw;--awb-margin-bottom:2vw;--awb-margin-left:2vw;--awb-caption-title-font-family:var(--h2_typography-font-family);--awb-caption-title-font-weight:var(--h2_typography-font-weight);--awb-caption-title-font-style:var(--h2_typography-font-style);--awb-caption-title-size:var(--h2_typography-font-size);--awb-caption-title-transform:var(--h2_typography-text-transform);--awb-caption-title-line-height:var(--h2_typography-line-height);--awb-caption-title-letter-spacing:var(--h2_typography-letter-spacing);\"><span class=\" fusion-imageframe imageframe-none imageframe-1 hover-type-none\"><a class=\"fusion-no-lightbox\" href=\"https:\/\/www.lch.ch\/\" target=\"_blank\" aria-label=\"Bildungstag-LOGO-LCH\" rel=\"noopener noreferrer\"><img decoding=\"async\" width=\"827\" height=\"317\" alt=\"Dachverband Lehrerinnen und Lehrer Schweiz LCH\" src=\"https:\/\/bildungstag.ch\/wp-content\/uploads\/2025\/01\/Bildungstag-LOGO-LCH.png\" data-orig-src=\"https:\/\/bildungstag.ch\/wp-content\/uploads\/2025\/01\/Bildungstag-LOGO-LCH.png\" class=\"lazyload img-responsive wp-image-5493\" srcset=\"data:image\/svg+xml,%3Csvg%20xmlns%3D%27http%3A%2F%2Fwww.w3.org%2F2000%2Fsvg%27%20width%3D%27827%27%20height%3D%27317%27%20viewBox%3D%270%200%20827%20317%27%3E%3Crect%20width%3D%27827%27%20height%3D%27317%27%20fill-opacity%3D%220%22%2F%3E%3C%2Fsvg%3E\" data-srcset=\"https:\/\/bildungstag.ch\/wp-content\/uploads\/2025\/01\/Bildungstag-LOGO-LCH-200x77.png 200w, https:\/\/bildungstag.ch\/wp-content\/uploads\/2025\/01\/Bildungstag-LOGO-LCH-400x153.png 400w, https:\/\/bildungstag.ch\/wp-content\/uploads\/2025\/01\/Bildungstag-LOGO-LCH-600x230.png 600w, https:\/\/bildungstag.ch\/wp-content\/uploads\/2025\/01\/Bildungstag-LOGO-LCH-800x307.png 800w, https:\/\/bildungstag.ch\/wp-content\/uploads\/2025\/01\/Bildungstag-LOGO-LCH.png 827w\" data-sizes=\"auto\" data-orig-sizes=\"(max-width: 1024px) 100vw, (max-width: 640px) 100vw, 400px\" \/><\/a><\/span><\/div><div class=\"fusion-image-element \" style=\"--awb-margin-top:2vw;--awb-margin-right:2vw;--awb-margin-bottom:2vw;--awb-margin-left:2vw;--awb-caption-title-font-family:var(--h2_typography-font-family);--awb-caption-title-font-weight:var(--h2_typography-font-weight);--awb-caption-title-font-style:var(--h2_typography-font-style);--awb-caption-title-size:var(--h2_typography-font-size);--awb-caption-title-transform:var(--h2_typography-text-transform);--awb-caption-title-line-height:var(--h2_typography-line-height);--awb-caption-title-letter-spacing:var(--h2_typography-letter-spacing);\"><span class=\" fusion-imageframe imageframe-none imageframe-2 hover-type-none\"><a class=\"fusion-no-lightbox\" href=\"https:\/\/le-ser.ch\/\" target=\"_blank\" aria-label=\"Bildungstag-LOGO-SER\" rel=\"noopener noreferrer\"><img decoding=\"async\" width=\"800\" height=\"309\" alt=\"Syndicat des Enseignant\u00b7es Romand\u00b7es SER\" src=\"https:\/\/bildungstag.ch\/wp-content\/uploads\/2025\/01\/Bildungstag-LOGO-SER.png\" data-orig-src=\"https:\/\/bildungstag.ch\/wp-content\/uploads\/2025\/01\/Bildungstag-LOGO-SER.png\" class=\"lazyload img-responsive wp-image-5494\" srcset=\"data:image\/svg+xml,%3Csvg%20xmlns%3D%27http%3A%2F%2Fwww.w3.org%2F2000%2Fsvg%27%20width%3D%27800%27%20height%3D%27309%27%20viewBox%3D%270%200%20800%20309%27%3E%3Crect%20width%3D%27800%27%20height%3D%27309%27%20fill-opacity%3D%220%22%2F%3E%3C%2Fsvg%3E\" data-srcset=\"https:\/\/bildungstag.ch\/wp-content\/uploads\/2025\/01\/Bildungstag-LOGO-SER-200x77.png 200w, https:\/\/bildungstag.ch\/wp-content\/uploads\/2025\/01\/Bildungstag-LOGO-SER-400x155.png 400w, https:\/\/bildungstag.ch\/wp-content\/uploads\/2025\/01\/Bildungstag-LOGO-SER-600x232.png 600w, https:\/\/bildungstag.ch\/wp-content\/uploads\/2025\/01\/Bildungstag-LOGO-SER.png 800w\" data-sizes=\"auto\" data-orig-sizes=\"(max-width: 1024px) 100vw, (max-width: 640px) 100vw, 400px\" \/><\/a><\/span><\/div><\/div><\/div><\/div><\/div><\/p>\n","protected":false},"excerpt":{"rendered":"","protected":false},"author":1,"featured_media":5515,"parent":0,"menu_order":0,"comment_status":"closed","ping_status":"closed","template":"","meta":{"_acf_changed":false,"footnotes":""},"class_list":["post-6469","page","type-page","status-publish","has-post-thumbnail","hentry"],"acf":[],"_links":{"self":[{"href":"https:\/\/bildungstag.ch\/fr\/wp-json\/wp\/v2\/pages\/6469","targetHints":{"allow":["GET"]}}],"collection":[{"href":"https:\/\/bildungstag.ch\/fr\/wp-json\/wp\/v2\/pages"}],"about":[{"href":"https:\/\/bildungstag.ch\/fr\/wp-json\/wp\/v2\/types\/page"}],"author":[{"embeddable":true,"href":"https:\/\/bildungstag.ch\/fr\/wp-json\/wp\/v2\/users\/1"}],"replies":[{"embeddable":true,"href":"https:\/\/bildungstag.ch\/fr\/wp-json\/wp\/v2\/comments?post=6469"}],"version-history":[{"count":35,"href":"https:\/\/bildungstag.ch\/fr\/wp-json\/wp\/v2\/pages\/6469\/revisions"}],"predecessor-version":[{"id":6713,"href":"https:\/\/bildungstag.ch\/fr\/wp-json\/wp\/v2\/pages\/6469\/revisions\/6713"}],"wp:featuredmedia":[{"embeddable":true,"href":"https:\/\/bildungstag.ch\/fr\/wp-json\/wp\/v2\/media\/5515"}],"wp:attachment":[{"href":"https:\/\/bildungstag.ch\/fr\/wp-json\/wp\/v2\/media?parent=6469"}],"curies":[{"name":"wp","href":"https:\/\/api.w.org\/{rel}","templated":true}]}}